{"id":16,"date":"2018-08-05T19:20:18","date_gmt":"2018-08-05T17:20:18","guid":{"rendered":"https:\/\/www.plattsalat.de\/bioladen-west\/?page_id=16"},"modified":"2026-04-14T15:56:05","modified_gmt":"2026-04-14T13:56:05","slug":"stressfrei-einkaufen","status":"publish","type":"page","link":"https:\/\/www.plattsalat.de\/bioladen-west\/anders-einkaufen\/stressfrei-einkaufen\/","title":{"rendered":"Stressfrei einkaufen"},"content":{"rendered":"<div id='full_slider_1'  class='avia-fullwidth-slider main_color avia-shadow   avia-builder-el-0  el_before_av_textblock  avia-builder-el-first   container_wrap sidebar_right'  ><div  class='avia-slideshow av-jr5j3kaz-152a93a80005be3eb60ccfb1bb33d835 avia-slideshow-featured av_slideshow_full avia-slide-slider av-slideshow-ui av-control-default av-slideshow-autoplay av-loop-endless av-loop-manual-endless av-default-height-applied   avia-slideshow-1' data-slideshow-options=\"{&quot;animation&quot;:&quot;slide&quot;,&quot;autoplay&quot;:true,&quot;loop_autoplay&quot;:&quot;endless&quot;,&quot;interval&quot;:4,&quot;loop_manual&quot;:&quot;manual-endless&quot;,&quot;autoplay_stopper&quot;:false,&quot;noNavigation&quot;:false,&quot;bg_slider&quot;:false,&quot;keep_padding&quot;:false,&quot;hoverpause&quot;:false,&quot;show_slide_delay&quot;:0}\"  itemprop=\"image\" itemscope=\"itemscope\" itemtype=\"https:\/\/schema.org\/ImageObject\" ><ul class='avia-slideshow-inner ' style='padding-bottom: 28.666666666667%;'><li  class='avia-slideshow-slide av-jr5j3kaz-152a93a80005be3eb60ccfb1bb33d835__0  slide-1 slide-odd'><div data-rel='slideshow-1' class='avia-slide-wrap '   ><div class='av-slideshow-caption av-jr5j3kaz-152a93a80005be3eb60ccfb1bb33d835__0 caption_fullwidth caption_bottom'><div class=\"container caption_container\"><div class=\"slideshow_caption\"><div class=\"slideshow_inner_caption\"><div class=\"slideshow_align_caption\"><h2 class='avia-caption-title '  itemprop=\"name\" >Stressfrei Einkaufen<\/h2><div class='avia-caption-content '  itemprop=\"description\" ><p>Unsere Mitglieder sind f\u00fcr uns keine Kunden, sondern Teil einer gr\u00f6\u00dferen Gemeinschaft mit gleichen Interessen: gesunde und nachhaltige Bio-Lebensmittel in einem sehr pers\u00f6nlichen Umfeld.<\/p>\n<\/div><\/div><\/div><\/div><\/div><\/div><img decoding=\"async\" fetchpriority=\"high\" class=\"wp-image-169 avia-img-lazy-loading-not-169\"  src=\"https:\/\/www.plattsalat.de\/bioladen-west\/wp-content\/uploads\/sites\/3\/2018\/08\/da-steh-ich-gern-an-1500x430.jpg\" width=\"1500\" height=\"430\" title='da steh ich gern an' alt=''  itemprop=\"thumbnailUrl\"   \/><\/div><\/li><li  class='avia-slideshow-slide av-jr5j3kaz-152a93a80005be3eb60ccfb1bb33d835__2  slide-2 slide-even'><div data-rel='slideshow-1' class='avia-slide-wrap '   ><img decoding=\"async\" fetchpriority=\"high\" class=\"wp-image-475 avia-img-lazy-loading-not-475\"  src=\"https:\/\/www.plattsalat.de\/bioladen-west\/wp-content\/uploads\/sites\/3\/2019\/01\/WL7T9793x2.jpg\" width=\"1440\" height=\"360\" title='WL7T9793x2' alt=''  itemprop=\"thumbnailUrl\" srcset=\"https:\/\/www.plattsalat.de\/bioladen-west\/wp-content\/uploads\/sites\/3\/2019\/01\/WL7T9793x2.jpg 1440w, https:\/\/www.plattsalat.de\/bioladen-west\/wp-content\/uploads\/sites\/3\/2019\/01\/WL7T9793x2-300x75.jpg 300w, https:\/\/www.plattsalat.de\/bioladen-west\/wp-content\/uploads\/sites\/3\/2019\/01\/WL7T9793x2-768x192.jpg 768w, https:\/\/www.plattsalat.de\/bioladen-west\/wp-content\/uploads\/sites\/3\/2019\/01\/WL7T9793x2-1030x258.jpg 1030w, https:\/\/www.plattsalat.de\/bioladen-west\/wp-content\/uploads\/sites\/3\/2019\/01\/WL7T9793x2-705x176.jpg 705w, https:\/\/www.plattsalat.de\/bioladen-west\/wp-content\/uploads\/sites\/3\/2019\/01\/WL7T9793x2-450x113.jpg 450w\" sizes=\"(max-width: 1440px) 100vw, 1440px\" \/><\/div><\/li><li  class='avia-slideshow-slide av-jr5j3kaz-152a93a80005be3eb60ccfb1bb33d835__3  slide-3 slide-odd'><div data-rel='slideshow-1' class='avia-slide-wrap '   ><img decoding=\"async\" fetchpriority=\"high\" class=\"wp-image-251 avia-img-lazy-loading-not-251\"  src=\"https:\/\/www.plattsalat.de\/bioladen-west\/wp-content\/uploads\/sites\/3\/2018\/09\/WL7T9729x2.jpg\" width=\"1440\" height=\"360\" title='WL7T9729x2' alt=''  itemprop=\"thumbnailUrl\" srcset=\"https:\/\/www.plattsalat.de\/bioladen-west\/wp-content\/uploads\/sites\/3\/2018\/09\/WL7T9729x2.jpg 1440w, https:\/\/www.plattsalat.de\/bioladen-west\/wp-content\/uploads\/sites\/3\/2018\/09\/WL7T9729x2-300x75.jpg 300w, https:\/\/www.plattsalat.de\/bioladen-west\/wp-content\/uploads\/sites\/3\/2018\/09\/WL7T9729x2-768x192.jpg 768w, https:\/\/www.plattsalat.de\/bioladen-west\/wp-content\/uploads\/sites\/3\/2018\/09\/WL7T9729x2-1030x258.jpg 1030w, https:\/\/www.plattsalat.de\/bioladen-west\/wp-content\/uploads\/sites\/3\/2018\/09\/WL7T9729x2-705x176.jpg 705w, https:\/\/www.plattsalat.de\/bioladen-west\/wp-content\/uploads\/sites\/3\/2018\/09\/WL7T9729x2-450x113.jpg 450w\" sizes=\"(max-width: 1440px) 100vw, 1440px\" \/><\/div><\/li><li  class='avia-slideshow-slide av-jr5j3kaz-152a93a80005be3eb60ccfb1bb33d835__4  slide-4 slide-even'><div data-rel='slideshow-1' class='avia-slide-wrap '   ><img decoding=\"async\" fetchpriority=\"high\" class=\"wp-image-250 avia-img-lazy-loading-not-250\"  src=\"https:\/\/www.plattsalat.de\/bioladen-west\/wp-content\/uploads\/sites\/3\/2018\/09\/WL7T9718x2-1413x430.jpg\" width=\"1413\" height=\"430\" title='WL7T9718x2' alt=''  itemprop=\"thumbnailUrl\"   \/><\/div><\/li><li  class='avia-slideshow-slide av-jr5j3kaz-152a93a80005be3eb60ccfb1bb33d835__5  slide-5 slide-odd'><div data-rel='slideshow-1' class='avia-slide-wrap '   ><img decoding=\"async\" fetchpriority=\"high\" class=\"wp-image-246 avia-img-lazy-loading-not-246\"  src=\"https:\/\/www.plattsalat.de\/bioladen-west\/wp-content\/uploads\/sites\/3\/2018\/09\/PS-134_1-1500x430.jpg\" width=\"1500\" height=\"430\" title='OLYMPUS DIGITAL CAMERA' alt=''  itemprop=\"thumbnailUrl\"   \/><\/div><\/li><li  class='avia-slideshow-slide av-jr5j3kaz-152a93a80005be3eb60ccfb1bb33d835__6  slide-6 slide-even'><div data-rel='slideshow-1' class='avia-slide-wrap '   ><img decoding=\"async\" fetchpriority=\"high\" class=\"wp-image-192 avia-img-lazy-loading-not-192\"  src=\"https:\/\/www.plattsalat.de\/bioladen-west\/wp-content\/uploads\/sites\/3\/2018\/08\/unnamed-1500x430.jpg\" width=\"1500\" height=\"430\" title='unnamed' alt=''  itemprop=\"thumbnailUrl\"   \/><\/div><\/li><\/ul><div class='avia-slideshow-arrows avia-slideshow-controls' ><a href='#prev' class='prev-slide  avia-svg-icon avia-font-svg_entypo-fontello' data-av_svg_icon='left-open-big' data-av_iconset='svg_entypo-fontello' tabindex='-1' title=\"Zur\u00fcck\"><svg version=\"1.1\" xmlns=\"http:\/\/www.w3.org\/2000\/svg\" width=\"15\" height=\"32\" viewBox=\"0 0 15 32\" preserveAspectRatio=\"xMidYMid meet\" aria-labelledby='av-svg-title-1' aria-describedby='av-svg-desc-1' role=\"graphics-symbol\" aria-hidden=\"true\">\n<title id='av-svg-title-1'>Zur\u00fcck<\/title>\n<desc id='av-svg-desc-1'>Zur\u00fcck<\/desc>\n<path d=\"M14.464 27.84q0.832 0.832 0 1.536-0.832 0.832-1.536 0l-12.544-12.608q-0.768-0.768 0-1.6l12.544-12.608q0.704-0.832 1.536 0 0.832 0.704 0 1.536l-11.456 11.904z\"><\/path>\n<\/svg><span class='avia_hidden_link_text'>Zur\u00fcck<\/span><\/a><a href='#next' class='next-slide  avia-svg-icon avia-font-svg_entypo-fontello' data-av_svg_icon='right-open-big' data-av_iconset='svg_entypo-fontello' tabindex='-1' title=\"Weiter\"><svg version=\"1.1\" xmlns=\"http:\/\/www.w3.org\/2000\/svg\" width=\"15\" height=\"32\" viewBox=\"0 0 15 32\" preserveAspectRatio=\"xMidYMid meet\" aria-labelledby='av-svg-title-2' aria-describedby='av-svg-desc-2' role=\"graphics-symbol\" aria-hidden=\"true\">\n<title id='av-svg-title-2'>Weiter<\/title>\n<desc id='av-svg-desc-2'>Weiter<\/desc>\n<path d=\"M0.416 27.84l11.456-11.84-11.456-11.904q-0.832-0.832 0-1.536 0.832-0.832 1.536 0l12.544 12.608q0.768 0.832 0 1.6l-12.544 12.608q-0.704 0.832-1.536 0-0.832-0.704 0-1.536z\"><\/path>\n<\/svg><span class='avia_hidden_link_text'>Weiter<\/span><\/a><\/div><div class='avia-slideshow-dots avia-slideshow-controls'><a href='#1' class='goto-slide active' >1<\/a><a href='#2' class='goto-slide ' >2<\/a><a href='#3' class='goto-slide ' >3<\/a><a href='#4' class='goto-slide ' >4<\/a><a href='#5' class='goto-slide ' >5<\/a><a href='#6' class='goto-slide ' >6<\/a><\/div><\/div><\/div><div id='after_full_slider_1'  class='main_color av_default_container_wrap container_wrap sidebar_right'  ><div class='container av-section-cont-open' ><div class='template-page content  av-content-small alpha units'><div class='post-entry post-entry-type-page post-entry-16'><div class='entry-content-wrapper clearfix'>\n<section  class='av_textblock_section av-sx50-879479cd5ed336b132801b8e6b5f90b2 '   itemscope=\"itemscope\" itemtype=\"https:\/\/schema.org\/CreativeWork\" ><div class='avia_textblock'  itemprop=\"text\" ><h2>Es macht Spa\u00df bei plattsalat einzukaufen, weil<\/h2>\n<ul>\n<li>wir als Mitglieder gleichzeitig Eigent\u00fcmerInnen und KonsumentInnen sind<\/li>\n<li>wir nicht gewinnorientiert wirtschaften<\/li>\n<li>wir selbst bestimmen und entscheiden, wo wir\u00a0einkaufen und was wir einkaufen<\/li>\n<li>wir selbst bestimmen, wie wir in unseren L\u00e4den arbeiten<\/li>\n<li>wir uns im Verein und im Laden engagieren k\u00f6nnen<\/li>\n<li>wir auch mit unseren Kindern stressfrei einkaufen k\u00f6nnen<\/li>\n<li>wir auf ein gro\u00dfes Netzwerk von interessanten Menschen zur\u00fcckgreifen k\u00f6nnen<\/li>\n<\/ul>\n<\/div><\/section>\n","protected":false},"excerpt":{"rendered":"","protected":false},"author":1,"featured_media":169,"parent":11,"menu_order":10,"comment_status":"closed","ping_status":"closed","template":"","meta":{"_crdt_document":"","footnotes":""},"class_list":["post-16","page","type-page","status-publish","has-post-thumbnail","hentry"],"_links":{"self":[{"href":"https:\/\/www.plattsalat.de\/bioladen-west\/wp-json\/wp\/v2\/pages\/16","targetHints":{"allow":["GET"]}}],"collection":[{"href":"https:\/\/www.plattsalat.de\/bioladen-west\/wp-json\/wp\/v2\/pages"}],"about":[{"href":"https:\/\/www.plattsalat.de\/bioladen-west\/wp-json\/wp\/v2\/types\/page"}],"author":[{"embeddable":true,"href":"https:\/\/www.plattsalat.de\/bioladen-west\/wp-json\/wp\/v2\/users\/1"}],"replies":[{"embeddable":true,"href":"https:\/\/www.plattsalat.de\/bioladen-west\/wp-json\/wp\/v2\/comments?post=16"}],"version-history":[{"count":19,"href":"https:\/\/www.plattsalat.de\/bioladen-west\/wp-json\/wp\/v2\/pages\/16\/revisions"}],"predecessor-version":[{"id":3458,"href":"https:\/\/www.plattsalat.de\/bioladen-west\/wp-json\/wp\/v2\/pages\/16\/revisions\/3458"}],"up":[{"embeddable":true,"href":"https:\/\/www.plattsalat.de\/bioladen-west\/wp-json\/wp\/v2\/pages\/11"}],"wp:featuredmedia":[{"embeddable":true,"href":"https:\/\/www.plattsalat.de\/bioladen-west\/wp-json\/wp\/v2\/media\/169"}],"wp:attachment":[{"href":"https:\/\/www.plattsalat.de\/bioladen-west\/wp-json\/wp\/v2\/media?parent=16"}],"curies":[{"name":"wp","href":"https:\/\/api.w.org\/{rel}","templated":true}]}}