{"id":1996,"date":"2022-12-02T09:35:32","date_gmt":"2022-12-02T08:35:32","guid":{"rendered":"https:\/\/www.plattsalat.de\/bioladen-west\/?page_id=1996"},"modified":"2022-12-03T10:19:47","modified_gmt":"2022-12-03T09:19:47","slug":"mitmachen","status":"publish","type":"page","link":"https:\/\/www.plattsalat.de\/bioladen-west\/mitmachen\/","title":{"rendered":"Mitmachen!"},"content":{"rendered":"<div id='av-layout-grid-1'  class='av-layout-grid-container av-251yng-f727df17dd4f78d00430b1c1015e567f entry-content-wrapper main_color av-flex-cells  avia-builder-el-0  el_before_av_layout_row  avia-builder-el-first   container_wrap sidebar_right'  >\n<div class='flex_cell av-iyh0kc-403bc3a4b7571cd23d8b72456729309d av-gridrow-cell av_one_fifth no_margin  avia-builder-el-1  el_before_av_cell_three_fifth  avia-builder-el-first '  ><div class='flex_cell_inner'><\/div><\/div><div class='flex_cell av-gywpng-49c58ddca4ef21e33a6b81c783501288 av-gridrow-cell av_three_fifth no_margin  avia-builder-el-2  el_after_av_cell_one_fifth  el_before_av_cell_one_fifth '  ><div class='flex_cell_inner'><div  class='av_promobox av-lb690hzp-27161d80042226c6c4ac11a080224677 avia-button-yes  avia-builder-el-3  avia-builder-el-no-sibling '><div class='avia-promocontent'><\/p>\n<h3>Probemitgliedschaft<\/h3>\n<p>Findet raus ob plattsalat zu Euch passt &#8211; werdet v\u00f6llig unverbindlich f\u00fcr einen Monat Probemitglied.<\/p>\n<\/div><div  class='avia-button-wrap av-lb690hzp-40975c0c759f595d436f57290e75bec3-wrap avia-button-right '><a href='https:\/\/www.plattsalat.de\/bioladen-west\/mitmachen\/probemitgliedschaft\/'  class='avia-button av-lb690hzp-40975c0c759f595d436f57290e75bec3 av-link-btn avia-icon_select-no avia-size-large avia-position-right avia-color-theme-color'   aria-label=\"Probemitglied\"><span class='avia_iconbox_title' >Probemitglied<\/span><\/a><\/div><\/div>\n<\/div><\/div>\n<style type=\"text\/css\" data-created_by=\"avia_inline_auto\" id=\"style-css-av-fiokgs-9a143e9bbc0ce3cfba7ceaaca605d3a9\">\n.flex_cell.av-fiokgs-9a143e9bbc0ce3cfba7ceaaca605d3a9{\nvertical-align:top;\n}\n<\/style>\n<div class='flex_cell av-fiokgs-9a143e9bbc0ce3cfba7ceaaca605d3a9 av-gridrow-cell av_one_fifth no_margin  avia-builder-el-4  el_after_av_cell_three_fifth  avia-builder-el-last  content-align-top'  ><div class='flex_cell_inner'><\/div><\/div><\/div><div id='av-layout-grid-2'  class='av-layout-grid-container av-e43kws-c99d66dd1bf96282c5861eda08e0c22b entry-content-wrapper main_color av-flex-cells  avia-builder-el-5  el_after_av_layout_row  el_before_av_layout_row  grid-row-not-first  container_wrap sidebar_right'  >\n<div class='flex_cell av-cg7svw-c1d7ffa2b90d041139e2f3b4a4c86078 av-gridrow-cell av_one_fifth no_margin  avia-builder-el-6  el_before_av_cell_three_fifth  avia-builder-el-first '  ><div class='flex_cell_inner'><\/div><\/div><div class='flex_cell av-amzrkc-6568ccea7d287c37bba146941606b421 av-gridrow-cell av_three_fifth no_margin  avia-builder-el-7  el_after_av_cell_one_fifth  el_before_av_cell_one_fifth '  ><div class='flex_cell_inner'><div  class='av_promobox av-lb69166g-87503023412fc6335e3a974bf0fd080f avia-button-yes  avia-builder-el-8  avia-builder-el-no-sibling '><div class='avia-promocontent'><\/p>\n<h3>Mitgliedschaft<\/h3>\n<p>Macht Euch unabh\u00e4ngig von Superm\u00e4rkten und Discountern und genie\u00dft das gute Gef\u00fchl im vereinseigenen Laden einzukaufen. Und Ihr seid dar\u00fcber hinaus Teil einer aktiven Stadtteil-Gemeinschaft.<\/p>\n<\/div><div  class='avia-button-wrap av-lb69166g-acc6f0e876a00ff7177a9b1eeaa82558-wrap avia-button-right '><a href='https:\/\/www.plattsalat.de\/bioladen-west\/mitmachen\/mitgliedschaft\/'  class='avia-button av-lb69166g-acc6f0e876a00ff7177a9b1eeaa82558 av-link-btn avia-icon_select-no avia-size-large avia-position-right avia-color-theme-color'   aria-label=\"Mitgliedschaft\"><span class='avia_iconbox_title' >Mitgliedschaft<\/span><\/a><\/div><\/div>\n<\/div><\/div>\n<style type=\"text\/css\" data-created_by=\"avia_inline_auto\" id=\"style-css-av-9lcqp8-9a7dd766a1ba46f43843e540ae9b43d9\">\n.flex_cell.av-9lcqp8-9a7dd766a1ba46f43843e540ae9b43d9{\nvertical-align:top;\n}\n<\/style>\n<div class='flex_cell av-9lcqp8-9a7dd766a1ba46f43843e540ae9b43d9 av-gridrow-cell av_one_fifth no_margin  avia-builder-el-9  el_after_av_cell_three_fifth  avia-builder-el-last  content-align-top'  ><div class='flex_cell_inner'><\/div><\/div><\/div><div id='av-layout-grid-3'  class='av-layout-grid-container av-7dfxvw-0534996c0981585c96047cba43a2e8dd entry-content-wrapper main_color av-flex-cells  avia-builder-el-10  el_after_av_layout_row  avia-builder-el-last  grid-row-not-first  container_wrap sidebar_right'  >\n<div class='flex_cell av-557kek-91a9c72093693cf40654222397b02db1 av-gridrow-cell av_one_fifth no_margin  avia-builder-el-11  el_before_av_cell_three_fifth  avia-builder-el-first '  ><div class='flex_cell_inner'><\/div><\/div><div class='flex_cell av-442jos-4b899f602b844c36e38fc3203315db92 av-gridrow-cell av_three_fifth no_margin  avia-builder-el-12  el_after_av_cell_one_fifth  el_before_av_cell_one_fifth '  ><div class='flex_cell_inner'><div  class='av_promobox av-lb692meg-6c9167fd33bbdf33d74a4baf2b65ec9d avia-button-yes  avia-builder-el-13  avia-builder-el-no-sibling '><div class='avia-promocontent'><\/p>\n<h3>Mitarbeiter gesucht<\/h3>\n<p>Werde Teil des Ladner-Teams im plattsalat.<\/p>\n<\/div><div  class='avia-button-wrap av-lb692meg-e0e8196c4a864327885339c39cce003f-wrap avia-button-right '><a href='https:\/\/www.plattsalat.de\/bioladen-west\/mitmachen\/mitarbeiten\/'  class='avia-button av-lb692meg-e0e8196c4a864327885339c39cce003f av-link-btn avia-icon_select-no avia-size-large avia-position-right avia-color-theme-color'   aria-label=\"Jobs bei plattsalat\"><span class='avia_iconbox_title' >Jobs bei plattsalat<\/span><\/a><\/div><\/div>\n<\/div><\/div>\n<style type=\"text\/css\" data-created_by=\"avia_inline_auto\" id=\"style-css-av-3145ks-3afeafc374a7553d311cb2f172c634e2\">\n.flex_cell.av-3145ks-3afeafc374a7553d311cb2f172c634e2{\nvertical-align:top;\n}\n<\/style>\n<div class='flex_cell av-3145ks-3afeafc374a7553d311cb2f172c634e2 av-gridrow-cell av_one_fifth no_margin  avia-builder-el-14  el_after_av_cell_three_fifth  avia-builder-el-last  content-align-top'  ><div class='flex_cell_inner'><\/div><\/div><\/div><\/p>\n","protected":false},"excerpt":{"rendered":"","protected":false},"author":13,"featured_media":0,"parent":0,"menu_order":0,"comment_status":"closed","ping_status":"closed","template":"","meta":{"_crdt_document":"","footnotes":""},"class_list":["post-1996","page","type-page","status-publish","hentry"],"_links":{"self":[{"href":"https:\/\/www.plattsalat.de\/bioladen-west\/wp-json\/wp\/v2\/pages\/1996","targetHints":{"allow":["GET"]}}],"collection":[{"href":"https:\/\/www.plattsalat.de\/bioladen-west\/wp-json\/wp\/v2\/pages"}],"about":[{"href":"https:\/\/www.plattsalat.de\/bioladen-west\/wp-json\/wp\/v2\/types\/page"}],"author":[{"embeddable":true,"href":"https:\/\/www.plattsalat.de\/bioladen-west\/wp-json\/wp\/v2\/users\/13"}],"replies":[{"embeddable":true,"href":"https:\/\/www.plattsalat.de\/bioladen-west\/wp-json\/wp\/v2\/comments?post=1996"}],"version-history":[{"count":4,"href":"https:\/\/www.plattsalat.de\/bioladen-west\/wp-json\/wp\/v2\/pages\/1996\/revisions"}],"predecessor-version":[{"id":2361,"href":"https:\/\/www.plattsalat.de\/bioladen-west\/wp-json\/wp\/v2\/pages\/1996\/revisions\/2361"}],"wp:attachment":[{"href":"https:\/\/www.plattsalat.de\/bioladen-west\/wp-json\/wp\/v2\/media?parent=1996"}],"curies":[{"name":"wp","href":"https:\/\/api.w.org\/{rel}","templated":true}]}}