{"id":29,"date":"2018-08-05T19:20:47","date_gmt":"2018-08-05T17:20:47","guid":{"rendered":"https:\/\/www.plattsalat.de\/bioladen-west\/?page_id=29"},"modified":"2025-07-11T18:15:34","modified_gmt":"2025-07-11T16:15:34","slug":"produkte","status":"publish","type":"page","link":"https:\/\/www.plattsalat.de\/bioladen-west\/anders-einkaufen\/produkte\/","title":{"rendered":"Unser Sortiment"},"content":{"rendered":"<div  class='avia-slideshow av-jrj6vrq1-66c2ed47e87cca3883b2d4a0a974f328 avia-slideshow-featured_large av_slideshow avia-slide-slider  avia-builder-el-0  el_before_av_textblock  avia-builder-el-first  av-slideshow-ui av-control-default av-slideshow-autoplay av-loop-endless av-loop-manual-endless av-default-height-applied avia-slideshow-1' data-slideshow-options=\"{&quot;animation&quot;:&quot;slide&quot;,&quot;autoplay&quot;:true,&quot;loop_autoplay&quot;:&quot;endless&quot;,&quot;interval&quot;:4,&quot;loop_manual&quot;:&quot;manual-endless&quot;,&quot;autoplay_stopper&quot;:false,&quot;noNavigation&quot;:false,&quot;bg_slider&quot;:false,&quot;keep_padding&quot;:false,&quot;hoverpause&quot;:false,&quot;show_slide_delay&quot;:0}\"  itemprop=\"image\" itemscope=\"itemscope\" itemtype=\"https:\/\/schema.org\/ImageObject\" ><ul class='avia-slideshow-inner ' style='padding-bottom: 49.21875%;'><li  class='avia-slideshow-slide av-jrj6vrq1-66c2ed47e87cca3883b2d4a0a974f328__0  slide-1 slide-odd'><div data-rel='slideshow-1' class='avia-slide-wrap '   ><img decoding=\"async\" fetchpriority=\"high\" class=\"wp-image-183 avia-img-lazy-loading-not-183\"  src=\"https:\/\/www.plattsalat.de\/bioladen-west\/wp-content\/uploads\/sites\/3\/2018\/08\/IMG_3804-1280x630.jpg\" width=\"1280\" height=\"630\" title='IMG_3804' alt=''  itemprop=\"thumbnailUrl\"   \/><\/div><\/li><li  class='avia-slideshow-slide av-jrj6vrq1-66c2ed47e87cca3883b2d4a0a974f328__1  slide-2 slide-even'><div data-rel='slideshow-1' class='avia-slide-wrap '   ><img decoding=\"async\" fetchpriority=\"high\" class=\"wp-image-118 avia-img-lazy-loading-not-118\"  src=\"https:\/\/www.plattsalat.de\/bioladen-west\/wp-content\/uploads\/sites\/3\/2018\/08\/PS-058_1-1500x630.jpg\" width=\"1500\" height=\"630\" title='OLYMPUS DIGITAL CAMERA' alt=''  itemprop=\"thumbnailUrl\"   \/><\/div><\/li><li  class='avia-slideshow-slide av-jrj6vrq1-66c2ed47e87cca3883b2d4a0a974f328__2  slide-3 slide-odd'><div data-rel='slideshow-1' class='avia-slide-wrap '   ><img decoding=\"async\" fetchpriority=\"high\" class=\"wp-image-116 avia-img-lazy-loading-not-116\"  src=\"https:\/\/www.plattsalat.de\/bioladen-west\/wp-content\/uploads\/sites\/3\/2018\/08\/PS-030_1-1500x630.jpg\" width=\"1500\" height=\"630\" title='' alt=''  itemprop=\"thumbnailUrl\"   \/><\/div><\/li><li  class='avia-slideshow-slide av-jrj6vrq1-66c2ed47e87cca3883b2d4a0a974f328__3  slide-4 slide-even'><div data-rel='slideshow-1' class='avia-slide-wrap '   ><img decoding=\"async\" fetchpriority=\"high\" class=\"wp-image-114 avia-img-lazy-loading-not-114\"  src=\"https:\/\/www.plattsalat.de\/bioladen-west\/wp-content\/uploads\/sites\/3\/2018\/08\/PS-047_1-1500x630.jpg\" width=\"1500\" height=\"630\" title='OLYMPUS DIGITAL CAMERA' alt=''  itemprop=\"thumbnailUrl\"   \/><\/div><\/li><li  class='avia-slideshow-slide av-jrj6vrq1-66c2ed47e87cca3883b2d4a0a974f328__4  slide-5 slide-odd'><div data-rel='slideshow-1' class='avia-slide-wrap '   ><img decoding=\"async\" fetchpriority=\"high\" class=\"wp-image-244 avia-img-lazy-loading-not-244\"  src=\"https:\/\/www.plattsalat.de\/bioladen-west\/wp-content\/uploads\/sites\/3\/2018\/09\/PS-006_1-1500x630.jpg\" width=\"1500\" height=\"630\" title='OLYMPUS DIGITAL CAMERA' alt=''  itemprop=\"thumbnailUrl\"   \/><\/div><\/li><li  class='avia-slideshow-slide av-jrj6vrq1-66c2ed47e87cca3883b2d4a0a974f328__5  slide-6 slide-even'><div data-rel='slideshow-1' class='avia-slide-wrap '   ><img decoding=\"async\" fetchpriority=\"high\" class=\"wp-image-229 avia-img-lazy-loading-not-229\"  src=\"https:\/\/www.plattsalat.de\/bioladen-west\/wp-content\/uploads\/sites\/3\/2018\/09\/IMG_3199-1280x630.jpg\" width=\"1280\" height=\"630\" title='IMG_3199' alt=''  itemprop=\"thumbnailUrl\"   \/><\/div><\/li><li  class='avia-slideshow-slide av-jrj6vrq1-66c2ed47e87cca3883b2d4a0a974f328__6  slide-7 slide-odd'><div data-rel='slideshow-1' class='avia-slide-wrap '   ><img decoding=\"async\" fetchpriority=\"high\" class=\"wp-image-178 avia-img-lazy-loading-not-178\"  src=\"https:\/\/www.plattsalat.de\/bioladen-west\/wp-content\/uploads\/sites\/3\/2018\/08\/IMG_3803-1280x630.jpg\" width=\"1280\" height=\"630\" title='IMG_3803' alt=''  itemprop=\"thumbnailUrl\"   \/><\/div><\/li><\/ul><div class='avia-slideshow-arrows avia-slideshow-controls' ><a href='#prev' class='prev-slide  avia-svg-icon avia-font-svg_entypo-fontello' data-av_svg_icon='left-open-big' data-av_iconset='svg_entypo-fontello' tabindex='-1' title=\"Zur\u00fcck\"><svg version=\"1.1\" xmlns=\"http:\/\/www.w3.org\/2000\/svg\" width=\"15\" height=\"32\" viewBox=\"0 0 15 32\" preserveAspectRatio=\"xMidYMid meet\" aria-labelledby='av-svg-title-1' aria-describedby='av-svg-desc-1' role=\"graphics-symbol\" aria-hidden=\"true\">\n<title id='av-svg-title-1'>Zur\u00fcck<\/title>\n<desc id='av-svg-desc-1'>Zur\u00fcck<\/desc>\n<path d=\"M14.464 27.84q0.832 0.832 0 1.536-0.832 0.832-1.536 0l-12.544-12.608q-0.768-0.768 0-1.6l12.544-12.608q0.704-0.832 1.536 0 0.832 0.704 0 1.536l-11.456 11.904z\"><\/path>\n<\/svg><span class='avia_hidden_link_text'>Zur\u00fcck<\/span><\/a><a href='#next' class='next-slide  avia-svg-icon avia-font-svg_entypo-fontello' data-av_svg_icon='right-open-big' data-av_iconset='svg_entypo-fontello' tabindex='-1' title=\"Weiter\"><svg version=\"1.1\" xmlns=\"http:\/\/www.w3.org\/2000\/svg\" width=\"15\" height=\"32\" viewBox=\"0 0 15 32\" preserveAspectRatio=\"xMidYMid meet\" aria-labelledby='av-svg-title-2' aria-describedby='av-svg-desc-2' role=\"graphics-symbol\" aria-hidden=\"true\">\n<title id='av-svg-title-2'>Weiter<\/title>\n<desc id='av-svg-desc-2'>Weiter<\/desc>\n<path d=\"M0.416 27.84l11.456-11.84-11.456-11.904q-0.832-0.832 0-1.536 0.832-0.832 1.536 0l12.544 12.608q0.768 0.832 0 1.6l-12.544 12.608q-0.704 0.832-1.536 0-0.832-0.704 0-1.536z\"><\/path>\n<\/svg><span class='avia_hidden_link_text'>Weiter<\/span><\/a><\/div><div class='avia-slideshow-dots avia-slideshow-controls'><a href='#1' class='goto-slide active' >1<\/a><a href='#2' class='goto-slide ' >2<\/a><a href='#3' class='goto-slide ' >3<\/a><a href='#4' class='goto-slide ' >4<\/a><a href='#5' class='goto-slide ' >5<\/a><a href='#6' class='goto-slide ' >6<\/a><a href='#7' class='goto-slide ' >7<\/a><\/div><\/div>\n<section  class='av_textblock_section av-14tmd-4a9d482c6497db8aab4a795df1e797b1 '   itemscope=\"itemscope\" itemtype=\"https:\/\/schema.org\/CreativeWork\" ><div class='avia_textblock'  itemprop=\"text\" ><h2>Immer bio &amp; m\u00f6glichst regional, saisonal, fair, unverpackt und von kleineren Erzeugern<\/h2>\n<p>Bei uns findest Du einen Angebotsumfang der dem eines normalen gr\u00f6\u00dferen Bioladens entspricht.\u00a0Der gro\u00dfe Unterschied zu Biosuperm\u00e4rkten oder zu Bio im Supermarkt ist, dass wir Lieferant:innen und Produkte viel bewu\u00dfter entsprechend unserer Vorstellungen vom guten Handel, guter \u00d6kologie und von guten Produkten ausw\u00e4hlen. Bei uns mu\u00dft Du nicht bei jedem einzelnen Produkt \u00fcberlegen, ob es gesellschaftspolitisch und \u00f6kologisch ok ist, darum k\u00fcmmern wir uns.<\/p>\n<p>Bei uns findest Du viel mehr regionale &amp; saisonale Produkte, Produkte aus fairem Handel, unverpackte Produkte und Produkte von kleineren Erzeugern und Herstellern aus der Region.<span class=\"Apple-converted-space\">\u00a0<\/span><\/p>\n<p>Bei uns wirst Du vor der Erdbeersaison in Deutschland keine Erdbeeren aus Spanien finden &amp; schon gar nicht illegal angebaute aus Naturschutzgebieten. Genausowenig wirst Du bei uns vor der Saison Spargel aus Griechenland finden oder Kartoffeln aus \u00c4gypten und \u00e4hnlichen \u00f6kologischen Irrsinn.<\/p>\n<p>Wir versuchen, wo immer es geht, fairen Handel und eine faire Bezahlung der Erzeuger umzusetzen und zu unterst\u00fctzen.<\/p>\n<p>Wir unterst\u00fctzen kleinere Erzeuger, Hersteller und Gro\u00dfh\u00e4ndler, weil wir einen andere Gesellschaft wollen, in der m\u00f6glichst alles kleinteilig, regional, \u00f6kologisch, selbstverwaltet und selbstbestimmt organisiert wird.<\/p>\n<p>Bis auf ganz wenige Ausnahmen stammen alle unsere Produkte nat\u00fcrlich aus kontrolliert \u00f6kologischem Anbau oder aus Wildwuchs.<span class=\"Apple-converted-space\"> Hin und wieder findet Ihr bei uns auch Produkte aus dem Garten von Mitgliedern. <\/span><\/p>\n<p>Die Warenpalette wird in der Regel von den Ladner:innen zusammengestellt. Es steht jedoch allen Mitgliedern offen, sich an der Produktauswahl zu beteiligen &amp; wir freuen uns immer \u00fcber gute Tips zu guten Lieferant:innen und Produkten.<\/p>\n<h2>T\u00e4glich frisches Obst und Gem\u00fcse<\/h2>\n<p>Viel vom Alltag im Laden ist t\u00e4gliche Logistik. Wir bestellen jeden Tag bei unseren Lieferanten Obst, Gem\u00fcse und Milchprodukte und haben deswegen immer eine frische und gro\u00dfe Produktvielfalt.<\/p>\n<p>\u00dcbrigens: was bei uns nicht im Sortiment zu finden ist, kann individuell bestellt werden \u2013 nat\u00fcrlich nur, wenn die gew\u00fcnschte Ware auch lieferbar ist.<\/p>\n<\/div><\/section>\n\n<style type=\"text\/css\" data-created_by=\"avia_inline_auto\" id=\"style-css-av-sg91-205f9c59a7a1b9e40d69e647a40a5853\">\n#top .av-special-heading.av-sg91-205f9c59a7a1b9e40d69e647a40a5853{\npadding-bottom:10px;\n}\nbody .av-special-heading.av-sg91-205f9c59a7a1b9e40d69e647a40a5853 .av-special-heading-tag .heading-char{\nfont-size:25px;\n}\n.av-special-heading.av-sg91-205f9c59a7a1b9e40d69e647a40a5853 .av-subheading{\nfont-size:15px;\n}\n<\/style>\n<div  class='av-special-heading av-sg91-205f9c59a7a1b9e40d69e647a40a5853 av-special-heading-h2  avia-builder-el-2  el_after_av_textblock  el_before_av_textblock '><h2 class='av-special-heading-tag '  itemprop=\"headline\"  >Was es bei uns alles Gibt<\/h2><div class=\"special-heading-border\"><div class=\"special-heading-inner-border\"><\/div><\/div><\/div>\n<section  class='av_textblock_section av-k8a8domr-eaf3095e204d9e1a50cff479b6e08b94 '   itemscope=\"itemscope\" itemtype=\"https:\/\/schema.org\/CreativeWork\" ><div class='avia_textblock'  itemprop=\"text\" ><h2>Bioprodukte<\/h2>\n<p>Gem\u00fcse, Obst, vegane Produkte, Eier, Milchprodukte, Fleisch, Wurst, Brot, Kuchen, Trockenfr\u00fcchte, H\u00fclsenfr\u00fcchte, Getreide, Brotaufstriche, Teigwaren, \u00d6le, Tee, Gew\u00fcrze, Kaffee, Baby- und Kindernahrung, Getr\u00e4nke und vieles mehr.<\/p>\n<h2>Naturwaren<\/h2>\n<p>Umweltvertr\u00e4gliche Wasch- und Putzmittel, vieles davon zum selber Abf\u00fcllen, \u00e4therische \u00d6le und Naturkosmetik. Wir k\u00f6nnen auch \u00d6koklamotten, \u00d6koschuhe, Babywindeln, naturbelassene Kinderbekleidung und Spielzeug bestellen.<\/p>\n<h2>Fairer Handel<\/h2>\n<p>Neben den Produkten aus dem fairen Handel, wie von gepa, dwp und el puente und Ethiquable bieten wir zus\u00e4tzlich in unserem Laden noch:<\/p>\n<ul>\n<li>Kaffee aus Nicaragua<\/li>\n<li>Caf\u00e9 Libertad aus Chiapas<\/li>\n<li>von Naturland Fair zertifizierte Produkte aus Deutschland<\/li>\n<li>Produkte von Libera Terra<\/li>\n<\/ul>\n<h2>Weine<\/h2>\n<p>Bei uns gibt es nur Weine, die verkostet und f\u00fcr gut befunden worden sind. Darum ist unser Bioweinsortiment wahrscheinlich eins der besten in der Gegend &#8211; nat\u00fcrlich in der mittleren Preisklasse. Teure Spitzenweine k\u00f6nnen wir zwar bestellen, haben wir aber normalerweise nicht im Regal stehen.<\/p>\n<p>Viele Weine beziehen wir \u00fcber die zwei gro\u00dfen Bioweinimporteure Riegel und Vivolovin, einen ziemlich gro\u00dfen Anteil machen aber auch einige Winzer &amp; Weing\u00fcter direkt hier in der Umgebung aus &amp; auch aus Bordeaux, Piemont, Chianti und Veneto, wo wir die Winzer kennen und Weine direkt beziehen:<\/p>\n<ul>\n<li>das <a href=\"https:\/\/schaefer-heinrich.de\/\" target=\"_blank\" rel=\"noopener\">Weingut Sch\u00e4fer-Heinrich<\/a> in Heilbronn<\/li>\n<li>das <a href=\"https:\/\/www.weingut-heid.de\/\" target=\"_blank\" rel=\"noopener\">Weingut Heid<\/a> in Fellbach<\/li>\n<li>das <a href=\"https:\/\/rieslingwerk.com\/\" target=\"_blank\" rel=\"noopener\">Weingut Beurer<\/a> in Kernen-Stetten im Remstal<\/li>\n<li>das <a href=\"https:\/\/chateau-farizeau.fr\/\" target=\"_blank\" rel=\"noopener\">Chateau Farizeau<\/a> im Bordeaux<\/li>\n<li>die <a href=\"https:\/\/domainelescarmels.com\" target=\"_blank\" rel=\"noopener\">Domaine les Carmels<\/a> im Bordeaux<\/li>\n<li>die <a href=\"https:\/\/tintichianti.it\" target=\"_blank\" rel=\"noopener\">Azienda Tinti<\/a> im Chianti<\/li>\n<li>die <a href=\"https:\/\/www.muttamassimo.it\/\" target=\"_blank\" rel=\"noopener\">Azienda Massimo Mutta<\/a> im Veneto<\/li>\n<li><a href=\"https:\/\/www.laviranda.it\" target=\"_blank\" rel=\"noopener\">La Viranda<\/a> im Piemont<\/li>\n<\/ul>\n<\/div><\/section>\n","protected":false},"excerpt":{"rendered":"","protected":false},"author":1,"featured_media":0,"parent":11,"menu_order":40,"comment_status":"closed","ping_status":"closed","template":"","meta":{"_crdt_document":"","footnotes":""},"class_list":["post-29","page","type-page","status-publish","hentry"],"_links":{"self":[{"href":"https:\/\/www.plattsalat.de\/bioladen-west\/wp-json\/wp\/v2\/pages\/29","targetHints":{"allow":["GET"]}}],"collection":[{"href":"https:\/\/www.plattsalat.de\/bioladen-west\/wp-json\/wp\/v2\/pages"}],"about":[{"href":"https:\/\/www.plattsalat.de\/bioladen-west\/wp-json\/wp\/v2\/types\/page"}],"author":[{"embeddable":true,"href":"https:\/\/www.plattsalat.de\/bioladen-west\/wp-json\/wp\/v2\/users\/1"}],"replies":[{"embeddable":true,"href":"https:\/\/www.plattsalat.de\/bioladen-west\/wp-json\/wp\/v2\/comments?post=29"}],"version-history":[{"count":22,"href":"https:\/\/www.plattsalat.de\/bioladen-west\/wp-json\/wp\/v2\/pages\/29\/revisions"}],"predecessor-version":[{"id":3207,"href":"https:\/\/www.plattsalat.de\/bioladen-west\/wp-json\/wp\/v2\/pages\/29\/revisions\/3207"}],"up":[{"embeddable":true,"href":"https:\/\/www.plattsalat.de\/bioladen-west\/wp-json\/wp\/v2\/pages\/11"}],"wp:attachment":[{"href":"https:\/\/www.plattsalat.de\/bioladen-west\/wp-json\/wp\/v2\/media?parent=29"}],"curies":[{"name":"wp","href":"https:\/\/api.w.org\/{rel}","templated":true}]}}