{"id":21,"date":"2018-08-05T19:08:07","date_gmt":"2018-08-05T17:08:07","guid":{"rendered":"https:\/\/www.plattsalat.de\/verein\/?page_id=21"},"modified":"2020-10-20T00:37:38","modified_gmt":"2020-10-19T22:37:38","slug":"wie-wir-arbeiten","status":"publish","type":"page","link":"https:\/\/www.plattsalat.de\/verein\/verein\/wie-wir-arbeiten\/","title":{"rendered":"Wie wir arbeiten"},"content":{"rendered":"<p>Unsere Struktur stellen wir <strong><a href=\"https:\/\/www.plattsalat.de\/verein\/anders\/ziele-und-struktur\/\">hier<\/a><\/strong> vor. Mit dieser Struktur stellen wir sicher, dass Mitglieder immer das letzte Wort haben, auch wenn es mal krachen sollte, sowohl im Verein als auch in den L\u00e4den.<\/p>\n<p>Der Verein besitzt nur die Unternehmergesellschaften (UGs), in denen die L\u00e4den organisiert sind. Der Verein k\u00fcmmert sich auch nicht um die Ladengesch\u00e4fte. Der Verein k\u00fcmmert sich ums gro\u00dfe Ganze und um diverse ideelle Aufgaben. Diese stellen wir hier vor:\u00a0<strong><a href=\"https:\/\/www.plattsalat.de\/verein\/anders\/projekte\/\">Unsere Projekte.<\/a><\/strong><\/p>\n<h3>Unsere L\u00e4den<\/h3>\n<p>In den L\u00e4den wird wie in einem selbstverwalteten Betrieb gearbeitet, ohne Hierarchien. So wird das Tagesgesch\u00e4ft von den LadnerInnen gesteuert, aber die Ladenmitglieder k\u00f6nnen jederzeit ihre Vorstellungen einbringen.<\/p>\n<p>Uns sind ein paar Dinge wichtig:<\/p>\n<ul>\n<li>dass Mitglieder wieder Akteure des Handels sind und dar\u00fcber nachdenken wie wir Handel betreiben<\/li>\n<li>dass wir Fairness in der gesamten Handelskette haben, einerseits f\u00fcr die ErzeugerInnen, aber auch f\u00fcr die VerarbeiterInnen, die LogistikerInnen und die LadnerInnen.<\/li>\n<li>wir bevorzugen kleinere Erzeuger, weil wir der Meinung sind, dass kleine, regionale Erzeuger besser f\u00fcr unsere Gesellschaft und Umwelt sind als gro\u00dfe und riesige Akteure, die heute die Lebensmittelerzeugung und den Handel dominieren<\/li>\n<li>wir bevorzugen regional arbeitende Akteure<\/li>\n<\/ul>\n<p>Nat\u00fcrlich handeln wir nur mit Bioprodukten, weil wir \u00fcberzeugt davon sind, dass die konventionelle &amp; industrielle Landwirtschaft verschwinden muss. Sie zerst\u00f6rt nicht nur die Umwelt, sondern \u00fcber ihren Zwang zum Wachstum auch die Wirtschaft und die Gesellschaft, indem sie demokratische Strukturen zerst\u00f6rt.<\/p>\n<p>&nbsp;<\/p>\n","protected":false},"excerpt":{"rendered":"<p>Unsere Struktur stellen wir hier vor. Mit dieser Struktur stellen wir sicher, dass Mitglieder immer das letzte Wort haben, auch wenn es mal krachen sollte, sowohl im Verein als auch in den L\u00e4den. Der Verein besitzt nur die Unternehmergesellschaften (UGs), in denen die L\u00e4den organisiert sind. Der Verein k\u00fcmmert sich auch nicht um die Ladengesch\u00e4fte. [&hellip;]<\/p>\n","protected":false},"author":1,"featured_media":0,"parent":15,"menu_order":30,"comment_status":"closed","ping_status":"closed","template":"","meta":{"footnotes":""},"class_list":["post-21","page","type-page","status-publish","hentry"],"_links":{"self":[{"href":"https:\/\/www.plattsalat.de\/verein\/wp-json\/wp\/v2\/pages\/21","targetHints":{"allow":["GET"]}}],"collection":[{"href":"https:\/\/www.plattsalat.de\/verein\/wp-json\/wp\/v2\/pages"}],"about":[{"href":"https:\/\/www.plattsalat.de\/verein\/wp-json\/wp\/v2\/types\/page"}],"author":[{"embeddable":true,"href":"https:\/\/www.plattsalat.de\/verein\/wp-json\/wp\/v2\/users\/1"}],"replies":[{"embeddable":true,"href":"https:\/\/www.plattsalat.de\/verein\/wp-json\/wp\/v2\/comments?post=21"}],"version-history":[{"count":9,"href":"https:\/\/www.plattsalat.de\/verein\/wp-json\/wp\/v2\/pages\/21\/revisions"}],"predecessor-version":[{"id":598,"href":"https:\/\/www.plattsalat.de\/verein\/wp-json\/wp\/v2\/pages\/21\/revisions\/598"}],"up":[{"embeddable":true,"href":"https:\/\/www.plattsalat.de\/verein\/wp-json\/wp\/v2\/pages\/15"}],"wp:attachment":[{"href":"https:\/\/www.plattsalat.de\/verein\/wp-json\/wp\/v2\/media?parent=21"}],"curies":[{"name":"wp","href":"https:\/\/api.w.org\/{rel}","templated":true}]}}