{"id":594,"date":"2021-01-30T12:40:25","date_gmt":"2021-01-30T11:40:25","guid":{"rendered":"https:\/\/www.plattsalat.de\/verein\/?page_id=594"},"modified":"2025-02-13T19:42:12","modified_gmt":"2025-02-13T18:42:12","slug":"vorstand","status":"publish","type":"page","link":"https:\/\/www.plattsalat.de\/verein\/verein\/vorstand\/","title":{"rendered":"Vorstand e.V."},"content":{"rendered":"\n<style type=\"text\/css\" data-created_by=\"avia_inline_auto\" id=\"style-css-av-bqm6y-772ecba8f3b3dabe40b4440bd0b6a437\">\n#top .av-special-heading.av-bqm6y-772ecba8f3b3dabe40b4440bd0b6a437{\npadding-bottom:10px;\n}\nbody .av-special-heading.av-bqm6y-772ecba8f3b3dabe40b4440bd0b6a437 .av-special-heading-tag .heading-char{\nfont-size:25px;\n}\n.av-special-heading.av-bqm6y-772ecba8f3b3dabe40b4440bd0b6a437 .av-subheading{\nfont-size:15px;\n}\n<\/style>\n<div  class='av-special-heading av-bqm6y-772ecba8f3b3dabe40b4440bd0b6a437 av-special-heading-h1  avia-builder-el-0  el_before_av_textblock  avia-builder-el-first '><h1 class='av-special-heading-tag '  itemprop=\"headline\"  >Vorstand des Vereins plattsalat e.V.<\/h1><div class=\"special-heading-border\"><div class=\"special-heading-inner-border\"><\/div><\/div><\/div>\n<section  class='av_textblock_section av-m4n89jpq-d4ee6c0d7654128cefdbb2e1e76c64f6 '   itemscope=\"itemscope\" itemtype=\"https:\/\/schema.org\/CreativeWork\" ><div class='avia_textblock'  itemprop=\"text\" ><p>Der Vorstand des Vereins wurde zuletzt auf der Mitgliederversammlung am 25. Oktober 2024 gew\u00e4hlt. Er tritt regelm\u00e4\u00dfig alle vier bis sechs Wochen zusammen, in der Regel digital. Wer sich f\u00fcr die Arbeit des Vereins interessiert, ist eingeladen, projektbezogen oder dauerhaft an den Sitzungen teilzunehmen. Wir freuen uns!<\/p>\n<\/div><\/section>\n\n<style type=\"text\/css\" data-created_by=\"avia_inline_auto\" id=\"style-css-av-alxoq-89e6c608455f90ed30136fecc4aaa343\">\n.flex_column.av-alxoq-89e6c608455f90ed30136fecc4aaa343{\nborder-radius:0px 0px 0px 0px;\npadding:0px 0px 0px 0px;\n}\n<\/style>\n<div  class='flex_column av-alxoq-89e6c608455f90ed30136fecc4aaa343 av_one_full  avia-builder-el-2  el_after_av_textblock  el_before_av_textblock  first flex_column_div av-zero-column-padding  column-top-margin'     ><p><div id='av-masonry-1' class='av-masonry av-kkjnmcuf-0f15e0e9e8261887fdb4fca3b4a25354 noHover av-fixed-size av-large-gap av-hover-overlay- av-masonry-animation-active av-masonry-col-3 av-caption-always av-caption-style- av-masonry-gallery av-orientation-square ' data-post_id=\"594\"><div class=\"av-masonry-container isotope av-js-disabled\"><div class='av-masonry-entry isotope-item av-masonry-item-no-image '><\/div><a href=\"https:\/\/www.plattsalat.de\/verein\/wp-content\/uploads\/sites\/2\/2021\/01\/Stefan-e1612008801425-1030x932.jpg\" data-srcset=\"https:\/\/www.plattsalat.de\/verein\/wp-content\/uploads\/sites\/2\/2021\/01\/Stefan-e1612008801425-1030x932.jpg 1030w, https:\/\/www.plattsalat.de\/verein\/wp-content\/uploads\/sites\/2\/2021\/01\/Stefan-e1612008801425-300x271.jpg 300w, https:\/\/www.plattsalat.de\/verein\/wp-content\/uploads\/sites\/2\/2021\/01\/Stefan-e1612008801425-768x695.jpg 768w, https:\/\/www.plattsalat.de\/verein\/wp-content\/uploads\/sites\/2\/2021\/01\/Stefan-e1612008801425-705x638.jpg 705w, https:\/\/www.plattsalat.de\/verein\/wp-content\/uploads\/sites\/2\/2021\/01\/Stefan-e1612008801425-450x407.jpg 450w, https:\/\/www.plattsalat.de\/verein\/wp-content\/uploads\/sites\/2\/2021\/01\/Stefan-e1612008801425.jpg 1280w\" data-sizes=\"(max-width: 1030px) 100vw, 1030px\"  aria-label=\"Bild Stephan Wimmer\"  id='av-masonry-1-item-621' data-av-masonry-item='621' class='av-masonry-entry isotope-item post-621 attachment type-attachment status-inherit hentry  av-masonry-item-with-image' title=\"Stephan Wimmer\" alt=\"\"    itemprop=\"thumbnailUrl\" ><div class='av-inner-masonry-sizer'><\/div><figure class='av-inner-masonry main_color'><div class=\"av-masonry-outerimage-container\"><div class='av-masonry-image-container' style=\"background-image: url(https:\/\/www.plattsalat.de\/verein\/wp-content\/uploads\/sites\/2\/2021\/01\/Stefan-e1612008801425-705x638.jpg);\"  title=\"Stephan Wimmer\" ><\/div><\/div><figcaption class='av-inner-masonry-content site-background'><div class='av-inner-masonry-content-pos'><div class='av-inner-masonry-content-pos-content'><div class='avia-arrow'><\/div><h3 class='av-masonry-entry-title entry-title '  itemprop=\"headline\" >Stephan Wimmer<\/h3><\/div><\/div><\/figcaption><\/figure><\/a><!--end av-masonry entry--><a href=\"https:\/\/www.plattsalat.de\/verein\/wp-content\/uploads\/sites\/2\/2024\/12\/20241217_195537-EDIT-1030x1030.jpg\" data-srcset=\"https:\/\/www.plattsalat.de\/verein\/wp-content\/uploads\/sites\/2\/2024\/12\/20241217_195537-EDIT-1030x1030.jpg 1030w, https:\/\/www.plattsalat.de\/verein\/wp-content\/uploads\/sites\/2\/2024\/12\/20241217_195537-EDIT-300x300.jpg 300w, https:\/\/www.plattsalat.de\/verein\/wp-content\/uploads\/sites\/2\/2024\/12\/20241217_195537-EDIT-80x80.jpg 80w, https:\/\/www.plattsalat.de\/verein\/wp-content\/uploads\/sites\/2\/2024\/12\/20241217_195537-EDIT-768x768.jpg 768w, https:\/\/www.plattsalat.de\/verein\/wp-content\/uploads\/sites\/2\/2024\/12\/20241217_195537-EDIT-1536x1536.jpg 1536w, https:\/\/www.plattsalat.de\/verein\/wp-content\/uploads\/sites\/2\/2024\/12\/20241217_195537-EDIT-2048x2048.jpg 2048w, https:\/\/www.plattsalat.de\/verein\/wp-content\/uploads\/sites\/2\/2024\/12\/20241217_195537-EDIT-36x36.jpg 36w, https:\/\/www.plattsalat.de\/verein\/wp-content\/uploads\/sites\/2\/2024\/12\/20241217_195537-EDIT-180x180.jpg 180w, https:\/\/www.plattsalat.de\/verein\/wp-content\/uploads\/sites\/2\/2024\/12\/20241217_195537-EDIT-1500x1500.jpg 1500w, https:\/\/www.plattsalat.de\/verein\/wp-content\/uploads\/sites\/2\/2024\/12\/20241217_195537-EDIT-705x705.jpg 705w\" data-sizes=\"(max-width: 1030px) 100vw, 1030px\"  aria-label=\"Bild Tine Blankenfeld\"  id='av-masonry-1-item-744' data-av-masonry-item='744' class='av-masonry-entry isotope-item post-744 attachment type-attachment status-inherit hentry  av-masonry-item-with-image' title=\"Tine Blankenfeld\" alt=\"\"    itemprop=\"thumbnailUrl\" ><div class='av-inner-masonry-sizer'><\/div><figure class='av-inner-masonry main_color'><div class=\"av-masonry-outerimage-container\"><div class='av-masonry-image-container' style=\"background-image: url(https:\/\/www.plattsalat.de\/verein\/wp-content\/uploads\/sites\/2\/2024\/12\/20241217_195537-EDIT-705x705.jpg);\"  title=\"Tine Blankenfeld\" ><\/div><\/div><figcaption class='av-inner-masonry-content site-background'><div class='av-inner-masonry-content-pos'><div class='av-inner-masonry-content-pos-content'><div class='avia-arrow'><\/div><h3 class='av-masonry-entry-title entry-title '  itemprop=\"headline\" >Tine Blankenfeld<\/h3><\/div><\/div><\/figcaption><\/figure><\/a><!--end av-masonry entry--><a href=\"https:\/\/www.plattsalat.de\/verein\/wp-content\/uploads\/sites\/2\/2024\/12\/herb-e1734616808342.jpg\" data-srcset=\"https:\/\/www.plattsalat.de\/verein\/wp-content\/uploads\/sites\/2\/2024\/12\/herb-e1734616808342.jpg 769w, https:\/\/www.plattsalat.de\/verein\/wp-content\/uploads\/sites\/2\/2024\/12\/herb-e1734616808342-300x300.jpg 300w, https:\/\/www.plattsalat.de\/verein\/wp-content\/uploads\/sites\/2\/2024\/12\/herb-e1734616808342-80x80.jpg 80w, https:\/\/www.plattsalat.de\/verein\/wp-content\/uploads\/sites\/2\/2024\/12\/herb-e1734616808342-36x36.jpg 36w, https:\/\/www.plattsalat.de\/verein\/wp-content\/uploads\/sites\/2\/2024\/12\/herb-e1734616808342-180x180.jpg 180w, https:\/\/www.plattsalat.de\/verein\/wp-content\/uploads\/sites\/2\/2024\/12\/herb-e1734616808342-705x705.jpg 705w\" data-sizes=\"(max-width: 769px) 100vw, 769px\"  aria-label=\"Bild Herbert Ke\u00dfler\"  id='av-masonry-1-item-715' data-av-masonry-item='715' class='av-masonry-entry isotope-item post-715 attachment type-attachment status-inherit hentry  av-masonry-item-with-image' title=\"Herbert Ke\u00dfler\" alt=\"\"    itemprop=\"thumbnailUrl\" ><div class='av-inner-masonry-sizer'><\/div><figure class='av-inner-masonry main_color'><div class=\"av-masonry-outerimage-container\"><div class='av-masonry-image-container' style=\"background-image: url(https:\/\/www.plattsalat.de\/verein\/wp-content\/uploads\/sites\/2\/2024\/12\/herb-e1734616808342-705x705.jpg);\"  title=\"Herbert Ke\u00dfler\" ><\/div><\/div><figcaption class='av-inner-masonry-content site-background'><div class='av-inner-masonry-content-pos'><div class='av-inner-masonry-content-pos-content'><div class='avia-arrow'><\/div><h3 class='av-masonry-entry-title entry-title '  itemprop=\"headline\" >Herbert Ke\u00dfler<\/h3><\/div><\/div><\/figcaption><\/figure><\/a><!--end av-masonry entry--><\/div><\/div><br \/>\n<div id='av-masonry-2' class='av-masonry av-kkjnmqb9-00533d80918402a1be62771f148fa28b noHover av-flex-size av-large-gap av-hover-overlay- av-masonry-animation-active av-masonry-col-2 av-caption-always av-caption-style- av-masonry-gallery ' data-post_id=\"594\"><div class=\"av-masonry-container isotope av-js-disabled\"><div class='av-masonry-entry isotope-item av-masonry-item-no-image '><\/div><a href=\"https:\/\/www.plattsalat.de\/verein\/wp-content\/uploads\/sites\/2\/2021\/01\/Sonja-e1612009028950-1030x685.jpg\" data-srcset=\"https:\/\/www.plattsalat.de\/verein\/wp-content\/uploads\/sites\/2\/2021\/01\/Sonja-e1612009028950-1030x685.jpg 1030w, https:\/\/www.plattsalat.de\/verein\/wp-content\/uploads\/sites\/2\/2021\/01\/Sonja-e1612009028950-300x200.jpg 300w, https:\/\/www.plattsalat.de\/verein\/wp-content\/uploads\/sites\/2\/2021\/01\/Sonja-e1612009028950-768x511.jpg 768w, https:\/\/www.plattsalat.de\/verein\/wp-content\/uploads\/sites\/2\/2021\/01\/Sonja-e1612009028950-705x469.jpg 705w, https:\/\/www.plattsalat.de\/verein\/wp-content\/uploads\/sites\/2\/2021\/01\/Sonja-e1612009028950-450x299.jpg 450w, https:\/\/www.plattsalat.de\/verein\/wp-content\/uploads\/sites\/2\/2021\/01\/Sonja-e1612009028950.jpg 1139w\" data-sizes=\"(max-width: 1030px) 100vw, 1030px\"  aria-label=\"Bild Sonja Weber\"  id='av-masonry-2-item-623' data-av-masonry-item='623' class='av-masonry-entry isotope-item post-623 attachment type-attachment status-inherit hentry  av-masonry-item-with-image' title=\"Sonja Weber\" alt=\"\"    itemprop=\"thumbnailUrl\" ><div class='av-inner-masonry-sizer'><\/div><figure class='av-inner-masonry main_color'><div class=\"av-masonry-outerimage-container\"><div class='av-masonry-image-container'  ><img decoding=\"async\" width=\"705\" height=\"469\" fetchpriority=\"high\" class=\"wp-image-623 avia-img-lazy-loading-not-623\"  src=\"https:\/\/www.plattsalat.de\/verein\/wp-content\/uploads\/sites\/2\/2021\/01\/Sonja-e1612009028950-705x469.jpg\" title=\"Sonja Weber\" alt=\"\" srcset=\"https:\/\/www.plattsalat.de\/verein\/wp-content\/uploads\/sites\/2\/2021\/01\/Sonja-e1612009028950-705x469.jpg 705w, https:\/\/www.plattsalat.de\/verein\/wp-content\/uploads\/sites\/2\/2021\/01\/Sonja-e1612009028950-300x200.jpg 300w, https:\/\/www.plattsalat.de\/verein\/wp-content\/uploads\/sites\/2\/2021\/01\/Sonja-e1612009028950-1030x685.jpg 1030w, https:\/\/www.plattsalat.de\/verein\/wp-content\/uploads\/sites\/2\/2021\/01\/Sonja-e1612009028950-768x511.jpg 768w, https:\/\/www.plattsalat.de\/verein\/wp-content\/uploads\/sites\/2\/2021\/01\/Sonja-e1612009028950-450x299.jpg 450w, https:\/\/www.plattsalat.de\/verein\/wp-content\/uploads\/sites\/2\/2021\/01\/Sonja-e1612009028950.jpg 1139w\" sizes=\"(max-width: 705px) 100vw, 705px\" \/><\/div><\/div><figcaption class='av-inner-masonry-content site-background'><div class='av-inner-masonry-content-pos'><div class='av-inner-masonry-content-pos-content'><div class='avia-arrow'><\/div><h3 class='av-masonry-entry-title entry-title '  itemprop=\"headline\" >Sonja Weber<\/h3><\/div><\/div><\/figcaption><\/figure><\/a><!--end av-masonry entry--><\/div><\/div><\/p><\/div>\n<section  class='av_textblock_section av-7xqq2-ae114f3364276f2a7995c06066afdfcb '   itemscope=\"itemscope\" itemtype=\"https:\/\/schema.org\/CreativeWork\" ><div class='avia_textblock'  itemprop=\"text\" ><p>Klicke hier, um Ihren eigenen Text einzuf\u00fcgen<\/p>\n<\/div><\/section>\n","protected":false},"excerpt":{"rendered":"","protected":false},"author":1,"featured_media":0,"parent":15,"menu_order":0,"comment_status":"closed","ping_status":"closed","template":"","meta":{"footnotes":""},"class_list":["post-594","page","type-page","status-publish","hentry"],"_links":{"self":[{"href":"https:\/\/www.plattsalat.de\/verein\/wp-json\/wp\/v2\/pages\/594","targetHints":{"allow":["GET"]}}],"collection":[{"href":"https:\/\/www.plattsalat.de\/verein\/wp-json\/wp\/v2\/pages"}],"about":[{"href":"https:\/\/www.plattsalat.de\/verein\/wp-json\/wp\/v2\/types\/page"}],"author":[{"embeddable":true,"href":"https:\/\/www.plattsalat.de\/verein\/wp-json\/wp\/v2\/users\/1"}],"replies":[{"embeddable":true,"href":"https:\/\/www.plattsalat.de\/verein\/wp-json\/wp\/v2\/comments?post=594"}],"version-history":[{"count":36,"href":"https:\/\/www.plattsalat.de\/verein\/wp-json\/wp\/v2\/pages\/594\/revisions"}],"predecessor-version":[{"id":803,"href":"https:\/\/www.plattsalat.de\/verein\/wp-json\/wp\/v2\/pages\/594\/revisions\/803"}],"up":[{"embeddable":true,"href":"https:\/\/www.plattsalat.de\/verein\/wp-json\/wp\/v2\/pages\/15"}],"wp:attachment":[{"href":"https:\/\/www.plattsalat.de\/verein\/wp-json\/wp\/v2\/media?parent=594"}],"curies":[{"name":"wp","href":"https:\/\/api.w.org\/{rel}","templated":true}]}}